{"id":26,"date":"2016-03-07T16:49:28","date_gmt":"2016-03-07T15:49:28","guid":{"rendered":"http:\/\/apwte.de\/?page_id=26"},"modified":"2021-07-10T16:20:31","modified_gmt":"2021-07-10T14:20:31","slug":"anfrage","status":"publish","type":"page","link":"https:\/\/apwte.de\/index.php\/anfrage\/","title":{"rendered":"Anfrage"},"content":{"rendered":"<div class=\"su-table su-table-alternate\">\n<table>\n<tbody>\n<tr>\n<td>Apparatebau-W\u00e4rmetechnik GmbH \u2022 35582 Wetzlar-Dutenhofen<\/p>\n<p>Um Ihnen bestm\u00f6gliche Unterst\u00fctzung anzubieten empfehlen wir Ihnen uns telefonisch zu kontaktieren,<br \/>\ntrotzdem ist es hilfreich technische Details im Vorfeld zu dokumentieren, dabei helfen Ihnen unsere PDF Vorlagen.<br \/>\n\u00d6ffnen Sie die jeweilige PDF Datei, f\u00fcllen die Anfrage aus und senden uns das Fax zur\u00fcck.<\/td>\n<\/tr>\n<\/tbody>\n<\/table>\n<\/div>\n<div class=\"su-tabs su-tabs-style-default su-tabs-mobile-stack\" data-active=\"1\" data-scroll-offset=\"0\" data-anchor-in-url=\"no\"><div class=\"su-tabs-nav\"><span class=\"\" data-url=\"\" data-target=\"blank\" tabindex=\"0\" role=\"button\">Fax Anfrage AW-Dampferzeuger<\/span><span class=\"\" data-url=\"\" data-target=\"blank\" tabindex=\"0\" role=\"button\">Fax Anfrage AW-W\u00e4rmeaustauscher<\/span><\/div><div class=\"su-tabs-panes\"><div class=\"su-tabs-pane su-u-clearfix su-u-trim\" data-title=\"Fax Anfrage AW-Dampferzeuger\">\n<a href=\"https:\/\/apwte.de\/wp-content\/uploads\/2016\/03\/aw_dampf_fax.pdf\">PDF AW-Dampferzeuger<\/a>, Fax zur\u00fcck an 0641-25867<br \/>\n<\/div>\n<div class=\"su-tabs-pane su-u-clearfix su-u-trim\" data-title=\"Fax Anfrage AW-W\u00e4rmeaustauscher\">\n<a href=\"https:\/\/apwte.de\/wp-content\/uploads\/2016\/03\/aw_waermetauscher_fax.pdf\">PDF AW-W\u00e4rmeaustauscher<\/a>, Fax zur\u00fcck an 0641-25867<br \/>\n<\/div><\/div><\/div>\n","protected":false},"excerpt":{"rendered":"","protected":false},"author":1,"featured_media":0,"parent":0,"menu_order":0,"comment_status":"closed","ping_status":"closed","template":"","meta":{"footnotes":""},"class_list":["post-26","page","type-page","status-publish","hentry"],"_links":{"self":[{"href":"https:\/\/apwte.de\/index.php\/wp-json\/wp\/v2\/pages\/26","targetHints":{"allow":["GET"]}}],"collection":[{"href":"https:\/\/apwte.de\/index.php\/wp-json\/wp\/v2\/pages"}],"about":[{"href":"https:\/\/apwte.de\/index.php\/wp-json\/wp\/v2\/types\/page"}],"author":[{"embeddable":true,"href":"https:\/\/apwte.de\/index.php\/wp-json\/wp\/v2\/users\/1"}],"replies":[{"embeddable":true,"href":"https:\/\/apwte.de\/index.php\/wp-json\/wp\/v2\/comments?post=26"}],"version-history":[{"count":18,"href":"https:\/\/apwte.de\/index.php\/wp-json\/wp\/v2\/pages\/26\/revisions"}],"predecessor-version":[{"id":382,"href":"https:\/\/apwte.de\/index.php\/wp-json\/wp\/v2\/pages\/26\/revisions\/382"}],"wp:attachment":[{"href":"https:\/\/apwte.de\/index.php\/wp-json\/wp\/v2\/media?parent=26"}],"curies":[{"name":"wp","href":"https:\/\/api.w.org\/{rel}","templated":true}]}}